{"id":2300,"date":"2012-05-11T15:40:51","date_gmt":"2012-05-11T12:40:51","guid":{"rendered":"http:\/\/www.napapiirinpantterit.net\/?page_id=2300"},"modified":"2026-02-19T15:35:28","modified_gmt":"2026-02-19T13:35:28","slug":"leijonakiekkokoulu-g-jun-05-06","status":"publish","type":"page","link":"https:\/\/napapiirinpantterit.net\/?page_id=2300","title":{"rendered":"Kiekkokoulu\/ Luistelukoulu"},"content":{"rendered":"\n<figure class=\"wp-block-image size-full\"><a href=\"https:\/\/napapiirinpantterit.net\/wp-content\/uploads\/2022\/09\/LKKfinkey.png\"><img decoding=\"async\" src=\"https:\/\/napapiirinpantterit.net\/wp-content\/uploads\/2022\/09\/LKKfinkey.png\" alt=\"\" class=\"wp-image-6133\"\/><\/a><\/figure>\n\n\n\n<p>Kiekkokoulu kokoontuu 11.1.2026 alkaen Lappi Areenalla Harjoitushalli 2:ssa sunnuntaisin klo 16.30<\/p>\n\n\n\n<p>&#8211; Kiekkokoulu on tarkoitettu 2020 syntyneille ja sit\u00e4 vanhemmille<br>&#8211; Kiekkokoulussa lapset harjoittelevat j\u00e4\u00e4kiekon alkeita ja&nbsp;<br>luistelua pelien, leikkien ja lajitaitoharjoitteiden kautta&nbsp;<br>valmentajien ohjaamana.<\/p>\n\n\n\n<p>&#8211; Kiekkokoulu toteutetaan J\u00e4\u00e4kiekkoliiton Leijona-kiekkokoulu konseptilla, ja ohjaajat on koulutettu  Leijona-kiekkokoulun ohjaajakoulutuksella<\/p>\n\n\n\n<p>&#8211; Varusteiksi riitt\u00e4v\u00e4t luistimet, maila, ristikollinen kyp\u00e4r\u00e4, kaulasuoja ja luisteluun sopivat vaatteet.<\/p>\n\n\n\n<p><br>&#8211; Kiekkokoulussa syys- ja kev\u00e4tkausi.<\/p>\n\n\n\n<ul class=\"wp-block-list\">\n<li>Kiekkokoulun kev\u00e4tkausi 30\u20ac<\/li>\n<\/ul>\n\n\n\n<p><\/p>\n\n\n\n<p>Kiekkokoulun ensimm\u00e4isiin tapahtumiin voit ilmoittautua alla olevista linkeist\u00e4 (ensimm\u00e4isen ilmoittautumisen j\u00e4lkeen p\u00e4\u00e4set ilmoittautumaan suoraan MyClubin kautta) tai ottamalla yhteytt\u00e4 s\u00e4hk\u00f6postitse.<\/p>\n\n\n\n<p><strong><a href=\"https:\/\/napapiirinpantterit.myclub.fi\/flow\/events\/9989151\" target=\"_blank\" rel=\"noreferrer noopener\">Kiekkokoulu su 22.2.2026, klo 16.30, Lappi Areena Harjoitushalli 2<\/a><\/strong><\/p>\n\n\n\n<p><strong>Kiekkokoulu su 1.3.2026, HUOM! ei kiekkokoulua- Hiihtoloma<\/strong><\/p>\n\n\n\n<p><strong><a href=\"https:\/\/napapiirinpantterit.myclub.fi\/flow\/events\/9989153\" target=\"_blank\" rel=\"noreferrer noopener\">Kiekkokoulu su 8.3.2026, klo 16.30, Lappi Areena Harjoitushalli 2<\/a><\/strong><\/p>\n\n\n\n<p><strong><a href=\"https:\/\/napapiirinpantterit.myclub.fi\/flow\/events\/9989154\" target=\"_blank\" rel=\"noreferrer noopener\">Kiekkokoulu su 15.3.2026, klo 16.30, Lappi Areena Harjoitushalli 2<\/a><\/strong><\/p>\n\n\n\n<p><strong><a href=\"https:\/\/napapiirinpantterit.myclub.fi\/flow\/events\/9989155\" target=\"_blank\" rel=\"noreferrer noopener\">Kiekkokoulu su 22.3.2026, klo 16.30, Lappi Areena Harjoitushalli 2<\/a><\/strong><\/p>\n\n\n\n<p><strong><a href=\"https:\/\/napapiirinpantterit.myclub.fi\/flow\/events\/9989156\" target=\"_blank\" rel=\"noreferrer noopener\">Kiekkokoulu su 29.3.2026, klo 16.30, Lappi Areena Harjoitushalli 2<\/a><\/strong><\/p>\n\n\n\n<p><strong>Uudet kiekkoilijat ovat tervetulleita mukaan my\u00f6s kesken kauden.<\/strong><\/p>\n\n\n\n<p>Tapahtumiin ilmoittautuminen myClubin kautta (oheiset linkit viev\u00e4t myClubiin my\u00f6s). Mik\u00e4li tulet mukaan my\u00f6hemmin voit olla yhteydess\u00e4 soittamalla tai s\u00e4hk\u00f6postilla.<\/p>\n\n\n\n<p><\/p>\n\n\n\n<p><\/p>\n\n\n\n<p>Lis\u00e4tiedot:<\/p>\n\n\n\n<p>Katja Martinm\u00e4ki&nbsp; 044 057 2619<br>info(\u00e4t)napapiirinpantterit.net<\/p>\n\n\n\n<figure class=\"wp-block-image size-large\"><a href=\"https:\/\/napapiirinpantterit.net\/wp-content\/uploads\/2023\/05\/lapset_ja_nuoret_jNNk_rgb_300dpi.png\"><img loading=\"lazy\" decoding=\"async\" width=\"909\" height=\"1024\" src=\"https:\/\/napapiirinpantterit.net\/wp-content\/uploads\/2023\/05\/lapset_ja_nuoret_jNNk_rgb_300dpi-909x1024.png\" alt=\"\" class=\"wp-image-6247\" srcset=\"https:\/\/napapiirinpantterit.net\/wp-content\/uploads\/2023\/05\/lapset_ja_nuoret_jNNk_rgb_300dpi-909x1024.png 909w, https:\/\/napapiirinpantterit.net\/wp-content\/uploads\/2023\/05\/lapset_ja_nuoret_jNNk_rgb_300dpi-266x300.png 266w, https:\/\/napapiirinpantterit.net\/wp-content\/uploads\/2023\/05\/lapset_ja_nuoret_jNNk_rgb_300dpi-768x865.png 768w, https:\/\/napapiirinpantterit.net\/wp-content\/uploads\/2023\/05\/lapset_ja_nuoret_jNNk_rgb_300dpi.png 1292w\" sizes=\"auto, (max-width: 909px) 100vw, 909px\" \/><\/a><\/figure>\n","protected":false},"excerpt":{"rendered":"<p>Kiekkokoulu kokoontuu 11.1.2026 alkaen Lappi Areenalla Harjoitushalli 2:ssa sunnuntaisin klo 16.30 &#8211; Kiekkokoulu on tarkoitettu 2020 syntyneille ja sit\u00e4 vanhemmille&#8211; Kiekkokoulussa lapset harjoittelevat j\u00e4\u00e4kiekon alkeita ja&nbsp;luistelua pelien, leikkien ja lajitaitoharjoitteiden kautta&nbsp;valmentajien ohjaamana. &#8211; Kiekkokoulu toteutetaan J\u00e4\u00e4kiekkoliiton Leijona-kiekkokoulu konseptilla, ja ohjaajat on koulutettu Leijona-kiekkokoulun ohjaajakoulutuksella &#8211; Varusteiksi riitt\u00e4v\u00e4t luistimet, maila, ristikollinen kyp\u00e4r\u00e4, kaulasuoja ja luisteluun sopivat<\/p>\n","protected":false},"author":1,"featured_media":6840,"parent":5,"menu_order":12,"comment_status":"closed","ping_status":"closed","template":"","meta":{"footnotes":""},"class_list":["post-2300","page","type-page","status-publish","has-post-thumbnail","hentry"],"_links":{"self":[{"href":"https:\/\/napapiirinpantterit.net\/index.php?rest_route=\/wp\/v2\/pages\/2300","targetHints":{"allow":["GET"]}}],"collection":[{"href":"https:\/\/napapiirinpantterit.net\/index.php?rest_route=\/wp\/v2\/pages"}],"about":[{"href":"https:\/\/napapiirinpantterit.net\/index.php?rest_route=\/wp\/v2\/types\/page"}],"author":[{"embeddable":true,"href":"https:\/\/napapiirinpantterit.net\/index.php?rest_route=\/wp\/v2\/users\/1"}],"replies":[{"embeddable":true,"href":"https:\/\/napapiirinpantterit.net\/index.php?rest_route=%2Fwp%2Fv2%2Fcomments&post=2300"}],"version-history":[{"count":62,"href":"https:\/\/napapiirinpantterit.net\/index.php?rest_route=\/wp\/v2\/pages\/2300\/revisions"}],"predecessor-version":[{"id":7032,"href":"https:\/\/napapiirinpantterit.net\/index.php?rest_route=\/wp\/v2\/pages\/2300\/revisions\/7032"}],"up":[{"embeddable":true,"href":"https:\/\/napapiirinpantterit.net\/index.php?rest_route=\/wp\/v2\/pages\/5"}],"wp:featuredmedia":[{"embeddable":true,"href":"https:\/\/napapiirinpantterit.net\/index.php?rest_route=\/wp\/v2\/media\/6840"}],"wp:attachment":[{"href":"https:\/\/napapiirinpantterit.net\/index.php?rest_route=%2Fwp%2Fv2%2Fmedia&parent=2300"}],"curies":[{"name":"wp","href":"https:\/\/api.w.org\/{rel}","templated":true}]}}