{"id":4031,"date":"2014-09-10T06:54:55","date_gmt":"2014-09-10T03:54:55","guid":{"rendered":"http:\/\/www.napapiirinpantterit.net\/?page_id=4031"},"modified":"2025-09-28T14:03:53","modified_gmt":"2025-09-28T11:03:53","slug":"e2","status":"publish","type":"page","link":"https:\/\/napapiirinpantterit.net\/?page_id=4031","title":{"rendered":"U14-juniorit"},"content":{"rendered":"\n<h1 class=\"wp-block-heading\"><\/h1>\n\n\n\n<figure class=\"wp-block-image size-large\"><a href=\"https:\/\/napapiirinpantterit.net\/wp-content\/uploads\/2024\/12\/U13_jk-scaled.jpeg\"><img loading=\"lazy\" decoding=\"async\" width=\"1024\" height=\"683\" src=\"https:\/\/napapiirinpantterit.net\/wp-content\/uploads\/2024\/12\/U13_jk-1024x683.jpeg\" alt=\"\" class=\"wp-image-6867\" srcset=\"https:\/\/napapiirinpantterit.net\/wp-content\/uploads\/2024\/12\/U13_jk-1024x683.jpeg 1024w, https:\/\/napapiirinpantterit.net\/wp-content\/uploads\/2024\/12\/U13_jk-300x200.jpeg 300w, https:\/\/napapiirinpantterit.net\/wp-content\/uploads\/2024\/12\/U13_jk-768x512.jpeg 768w, https:\/\/napapiirinpantterit.net\/wp-content\/uploads\/2024\/12\/U13_jk-1536x1024.jpeg 1536w, https:\/\/napapiirinpantterit.net\/wp-content\/uploads\/2024\/12\/U13_jk-2048x1365.jpeg 2048w\" sizes=\"auto, (max-width: 1024px) 100vw, 1024px\" \/><\/a><\/figure>\n\n\n\n<p><span class=\"_4n-j fsl\">Napapiirin Panttereiden U14-junnut ovat kaudella 2025-2026 p\u00e4\u00e4osin 2012 syntyneit\u00e4 (sek\u00e4 tytt\u00f6j\u00e4 ett\u00e4 poikia).<\/span><\/p>\n\n\n\n<p>U14 -joukkue pelaa J\u00e4\u00e4kiekkoliiton U14-sarjaa.<\/p>\n\n\n\n<p>Joukkue harjoittelee maanantaisin, keskiviikkoisin ja perjantaisin sek\u00e4 lis\u00e4ksi taitoj\u00e4\u00e4t lauantaisin.<\/p>\n\n\n\n<p>Joukkueen omien harjoitusvuorojen lis\u00e4ksi Panttereiden pelaajilla on mahdollisuus osallistua koko perheen voimin seuran j\u00e4senille avoimille seuraj\u00e4ille.<\/p>\n\n\n\n<div class=\"wp-block-group is-layout-grid wp-container-core-group-is-layout-88c98fc8 wp-block-group-is-layout-grid\">\n<p>Joukkueen toimihenkil\u00f6t:<\/p>\n\n\n\n<div class=\"wp-block-group is-layout-constrained wp-block-group-is-layout-constrained\">\n<p style=\"text-decoration:none\">vastuuvalmentaja Ville M\u00f6ll\u00e4ri<\/p>\n\n\n\n<p style=\"text-decoration:none\">valmentajat Jouni Paaso, Toni Heiskari<\/p>\n\n\n\n<p style=\"text-decoration:none\">joukkueenjohtaja Katja Martinm\u00e4ki<\/p>\n\n\n\n<p>rahastonhoitaja Elisa M\u00f6ll\u00e4ri<\/p>\n<\/div>\n<\/div>\n\n\n\n<p>Uudet pelaajat ovat tervetulleita. Meill\u00e4 voit aloittaa harrastuksen my\u00f6s kesken kauden ja k\u00e4yd\u00e4 kokeilemassa veloituksetta 1\u20132 viikkoa.<\/p>\n\n\n\n<p>Mik\u00e4li lastasi kiinnostaa kiekkoilu hyv\u00e4ss\u00e4 seurassa tai sinulla her\u00e4si kysytt\u00e4v\u00e4\u00e4, niin ota yhteytt\u00e4 tai laita viesti\u00e4 lis\u00e4tietoja varten.<\/p>\n\n\n\n<p>Yhteyshenkil\u00f6:<br>\nKatja Martinm\u00e4ki&nbsp; 044 057 2619<br>\ninfo[\u00e4t]napapiirinpantterit.net<\/p>\n","protected":false},"excerpt":{"rendered":"<p>Napapiirin Panttereiden U14-junnut ovat kaudella 2025-2026 p\u00e4\u00e4osin 2012 syntyneit\u00e4 (sek\u00e4 tytt\u00f6j\u00e4 ett\u00e4 poikia). U14 -joukkue pelaa J\u00e4\u00e4kiekkoliiton U14-sarjaa. Joukkue harjoittelee maanantaisin, keskiviikkoisin ja perjantaisin sek\u00e4 lis\u00e4ksi taitoj\u00e4\u00e4t lauantaisin. Joukkueen omien harjoitusvuorojen lis\u00e4ksi Panttereiden pelaajilla on mahdollisuus osallistua koko perheen voimin seuran j\u00e4senille avoimille seuraj\u00e4ille. Joukkueen toimihenkil\u00f6t: vastuuvalmentaja Ville M\u00f6ll\u00e4ri valmentajat Jouni Paaso, Toni Heiskari joukkueenjohtaja<\/p>\n","protected":false},"author":1,"featured_media":0,"parent":5,"menu_order":7,"comment_status":"closed","ping_status":"closed","template":"","meta":{"footnotes":""},"class_list":["post-4031","page","type-page","status-publish","hentry"],"_links":{"self":[{"href":"https:\/\/napapiirinpantterit.net\/index.php?rest_route=\/wp\/v2\/pages\/4031","targetHints":{"allow":["GET"]}}],"collection":[{"href":"https:\/\/napapiirinpantterit.net\/index.php?rest_route=\/wp\/v2\/pages"}],"about":[{"href":"https:\/\/napapiirinpantterit.net\/index.php?rest_route=\/wp\/v2\/types\/page"}],"author":[{"embeddable":true,"href":"https:\/\/napapiirinpantterit.net\/index.php?rest_route=\/wp\/v2\/users\/1"}],"replies":[{"embeddable":true,"href":"https:\/\/napapiirinpantterit.net\/index.php?rest_route=%2Fwp%2Fv2%2Fcomments&post=4031"}],"version-history":[{"count":31,"href":"https:\/\/napapiirinpantterit.net\/index.php?rest_route=\/wp\/v2\/pages\/4031\/revisions"}],"predecessor-version":[{"id":6988,"href":"https:\/\/napapiirinpantterit.net\/index.php?rest_route=\/wp\/v2\/pages\/4031\/revisions\/6988"}],"up":[{"embeddable":true,"href":"https:\/\/napapiirinpantterit.net\/index.php?rest_route=\/wp\/v2\/pages\/5"}],"wp:attachment":[{"href":"https:\/\/napapiirinpantterit.net\/index.php?rest_route=%2Fwp%2Fv2%2Fmedia&parent=4031"}],"curies":[{"name":"wp","href":"https:\/\/api.w.org\/{rel}","templated":true}]}}