{"id":5362,"date":"2018-08-05T22:35:57","date_gmt":"2018-08-05T19:35:57","guid":{"rendered":"http:\/\/www.napapiirinpantterit.net\/?page_id=5362"},"modified":"2025-10-29T20:20:41","modified_gmt":"2025-10-29T18:20:41","slug":"pantterit-team","status":"publish","type":"page","link":"https:\/\/napapiirinpantterit.net\/?page_id=5362","title":{"rendered":"Pantterit-Team (Harrastesarja)"},"content":{"rendered":"<p><strong>Pantterit-Team<\/strong> <strong>on reippaiden nuorten harrastej\u00e4\u00e4kiekkojoukkue. Pelaajien taidollinen pohja on luotu ik\u00e4kausijoukkueissa ja kiekkoilu jatkuu harrastekiekon parissa.<\/strong><\/p>\n<p>Joukkueeseen otetaan mukaan my\u00f6s uusia pelaajia. Mik\u00e4li harrastekiekko kiinnostaa ja taustaltasi l\u00f6ytyy lajin kokemusta ota rohkeasti yhteytt\u00e4 ja tule mukaan!<\/p>\n<p><span style=\"color: #000000; font-family: Calibri;\">Yhteystiedot:<\/span><\/p>\n<p><span style=\"color: #000000;\">info@napapiirinpantterit.net<\/span><\/p>\n","protected":false},"excerpt":{"rendered":"<p>Pantterit-Team on reippaiden nuorten harrastej\u00e4\u00e4kiekkojoukkue. Pelaajien taidollinen pohja on luotu ik\u00e4kausijoukkueissa ja kiekkoilu jatkuu harrastekiekon parissa. Joukkueeseen otetaan mukaan my\u00f6s uusia pelaajia. Mik\u00e4li harrastekiekko kiinnostaa ja taustaltasi l\u00f6ytyy lajin kokemusta ota rohkeasti yhteytt\u00e4 ja tule mukaan! Yhteystiedot: info@napapiirinpantterit.net<\/p>\n","protected":false},"author":1,"featured_media":0,"parent":5,"menu_order":13,"comment_status":"closed","ping_status":"closed","template":"","meta":{"footnotes":""},"class_list":["post-5362","page","type-page","status-publish","hentry"],"_links":{"self":[{"href":"https:\/\/napapiirinpantterit.net\/index.php?rest_route=\/wp\/v2\/pages\/5362","targetHints":{"allow":["GET"]}}],"collection":[{"href":"https:\/\/napapiirinpantterit.net\/index.php?rest_route=\/wp\/v2\/pages"}],"about":[{"href":"https:\/\/napapiirinpantterit.net\/index.php?rest_route=\/wp\/v2\/types\/page"}],"author":[{"embeddable":true,"href":"https:\/\/napapiirinpantterit.net\/index.php?rest_route=\/wp\/v2\/users\/1"}],"replies":[{"embeddable":true,"href":"https:\/\/napapiirinpantterit.net\/index.php?rest_route=%2Fwp%2Fv2%2Fcomments&post=5362"}],"version-history":[{"count":14,"href":"https:\/\/napapiirinpantterit.net\/index.php?rest_route=\/wp\/v2\/pages\/5362\/revisions"}],"predecessor-version":[{"id":6992,"href":"https:\/\/napapiirinpantterit.net\/index.php?rest_route=\/wp\/v2\/pages\/5362\/revisions\/6992"}],"up":[{"embeddable":true,"href":"https:\/\/napapiirinpantterit.net\/index.php?rest_route=\/wp\/v2\/pages\/5"}],"wp:attachment":[{"href":"https:\/\/napapiirinpantterit.net\/index.php?rest_route=%2Fwp%2Fv2%2Fmedia&parent=5362"}],"curies":[{"name":"wp","href":"https:\/\/api.w.org\/{rel}","templated":true}]}}