{"id":6141,"date":"2022-09-09T15:47:21","date_gmt":"2022-09-09T12:47:21","guid":{"rendered":"https:\/\/napapiirinpantterit.net\/?page_id=6141"},"modified":"2022-09-09T15:47:22","modified_gmt":"2022-09-09T12:47:22","slug":"arvot-ja-visio","status":"publish","type":"page","link":"https:\/\/napapiirinpantterit.net\/?page_id=6141","title":{"rendered":"Arvot ja visio"},"content":{"rendered":"\n<p><strong>Napapiirin Panttereiden arvot:<\/strong><\/p>\n\n\n\n<p class=\"has-text-align-left\">\u25cf Yhteis\u00f6llisyys<br>\u25cf Luotettavuus<br>\u25cf Positiivisuus<br>\u25cf V\u00e4litt\u00e4minen<br><\/p>\n\n\n\n<p><\/p>\n\n\n\n<p><strong>Napapiirin Panttereiden visio:<\/strong><\/p>\n\n\n\n<p>Napapiirin Pantterit on kokoansa merkitt\u00e4v\u00e4mpi koko perheen liikuttaja, joka<br>edist\u00e4\u00e4 liikunnan ja urheilun harrastamista l\u00e4pi el\u00e4m\u00e4n.<\/p>\n\n\n\n<p><\/p>\n\n\n\n<p><\/p>\n","protected":false},"excerpt":{"rendered":"<p>Napapiirin Panttereiden arvot: \u25cf Yhteis\u00f6llisyys\u25cf Luotettavuus\u25cf Positiivisuus\u25cf V\u00e4litt\u00e4minen Napapiirin Panttereiden visio: Napapiirin Pantterit on kokoansa merkitt\u00e4v\u00e4mpi koko perheen liikuttaja, jokaedist\u00e4\u00e4 liikunnan ja urheilun harrastamista l\u00e4pi el\u00e4m\u00e4n.<\/p>\n","protected":false},"author":1,"featured_media":0,"parent":74,"menu_order":3,"comment_status":"closed","ping_status":"closed","template":"","meta":{"footnotes":""},"class_list":["post-6141","page","type-page","status-publish","hentry"],"_links":{"self":[{"href":"https:\/\/napapiirinpantterit.net\/index.php?rest_route=\/wp\/v2\/pages\/6141","targetHints":{"allow":["GET"]}}],"collection":[{"href":"https:\/\/napapiirinpantterit.net\/index.php?rest_route=\/wp\/v2\/pages"}],"about":[{"href":"https:\/\/napapiirinpantterit.net\/index.php?rest_route=\/wp\/v2\/types\/page"}],"author":[{"embeddable":true,"href":"https:\/\/napapiirinpantterit.net\/index.php?rest_route=\/wp\/v2\/users\/1"}],"replies":[{"embeddable":true,"href":"https:\/\/napapiirinpantterit.net\/index.php?rest_route=%2Fwp%2Fv2%2Fcomments&post=6141"}],"version-history":[{"count":4,"href":"https:\/\/napapiirinpantterit.net\/index.php?rest_route=\/wp\/v2\/pages\/6141\/revisions"}],"predecessor-version":[{"id":6148,"href":"https:\/\/napapiirinpantterit.net\/index.php?rest_route=\/wp\/v2\/pages\/6141\/revisions\/6148"}],"up":[{"embeddable":true,"href":"https:\/\/napapiirinpantterit.net\/index.php?rest_route=\/wp\/v2\/pages\/74"}],"wp:attachment":[{"href":"https:\/\/napapiirinpantterit.net\/index.php?rest_route=%2Fwp%2Fv2%2Fmedia&parent=6141"}],"curies":[{"name":"wp","href":"https:\/\/api.w.org\/{rel}","templated":true}]}}