{"id":6166,"date":"2022-09-25T17:17:57","date_gmt":"2022-09-25T14:17:57","guid":{"rendered":"https:\/\/napapiirinpantterit.net\/?page_id=6166"},"modified":"2026-02-28T17:31:41","modified_gmt":"2026-02-28T15:31:41","slug":"materiaalipankki","status":"publish","type":"page","link":"https:\/\/napapiirinpantterit.net\/?page_id=6166","title":{"rendered":"Materiaalipankki"},"content":{"rendered":"\n<p>Linkkej\u00e4 muiden toimijoiden materiaaleihin ja toimintaohjeisiin<\/p>\n\n\n\n<p><a href=\"https:\/\/www.finhockey.fi\/index.php\/pelaamaan\/pelipassit\" target=\"_blank\" rel=\"noreferrer noopener\">Pelipassit<\/a><\/p>\n\n\n\n<p><a href=\"https:\/\/www.finhockey.fi\/index.php\/pelaamaan\/tarvitset-varusteet\" target=\"_blank\" rel=\"noreferrer noopener\">Varusteopas<\/a><\/p>\n\n\n\n<p><a href=\"https:\/\/www.finhockey.fi\/index.php\/pelaamaan\/tukea-harrastamiseen\" target=\"_blank\" rel=\"noreferrer noopener\">Tukea harrastamisen kustannuksiin<\/a><\/p>\n\n\n\n<p><a href=\"http:\/\/www.finhockey.fi\/index.php\/vastuullisuus\/kunnioita-pelia\" target=\"_blank\" rel=\"noreferrer noopener\">Kunnioita peli\u00e4<\/a><\/p>\n\n\n\n<p><a href=\"https:\/\/www.etoleyksin.fi\/\" target=\"_blank\" rel=\"noreferrer noopener\">Et ole yksin<\/a><\/p>\n\n\n\n<p><a href=\"https:\/\/www.finhockey.fi\/index.php\/ajankohtaista\/sarjatoiminta\/item\/6764-ensiapuvastaavan-vastuut-ottelutapahtumissa-ohjeet-aivotarhdysten-tunnistamiseen-ison-verenvuodon-varalle\" target=\"_blank\" rel=\"noreferrer noopener\">Ensiapuvastaavan vastuut ottelutapahtumissa<\/a><\/p>\n\n\n\n<p><a href=\"https:\/\/www.dropbox.com\/s\/xg4ka9qbvhzux5g\/Aivot%C3%A4r%C3%A4hdysten-tunnistusty%C3%B6kalu-suomeksi_SCAT5Pocket.pdf?dl=0\" target=\"_blank\" rel=\"noreferrer noopener\">Aivot\u00e4r\u00e4hdysten tunnistusty\u00f6kalu<\/a><\/p>\n\n\n\n<p><a href=\"https:\/\/www.fressis.fi\/kanava\/ruoka\/\" target=\"_blank\" rel=\"noreferrer noopener\">Tietoa ja vinkkej\u00e4 hyv\u00e4\u00e4n sy\u00f6miseen<\/a><\/p>\n\n\n\n<p><a href=\"https:\/\/www.fressis.fi\/kanava\/liike\/\" target=\"_blank\" rel=\"noreferrer noopener\">Tietoa ja vinkkej\u00e4 liikkumiseen<\/a><\/p>\n\n\n\n<p><a href=\"https:\/\/www.fressis.fi\/kanava\/rytmi\/\" target=\"_blank\" rel=\"noreferrer noopener\">Tietoa ja vinkkej\u00e4&nbsp;arkirytmiin ja nukkumiseen<\/a><\/p>\n\n\n\n<p><a rel=\"noreferrer noopener\" href=\"https:\/\/www.fressis.fi\/kanava\/nikotiinituotteet\/\" target=\"_blank\">Tietoa nikotiinituotteista ja apua lopettamiseen<\/a><\/p>\n\n\n\n<p><a rel=\"noreferrer noopener\" href=\"https:\/\/www.olympiakomitea.fi\/olympiakomitea\/vastuullisuus\/\" target=\"_blank\">Reilu<\/a><a href=\"https:\/\/www.olympiakomitea.fi\/olympiakomitea\/vastuullisuus\/\" target=\"_blank\" rel=\"noreferrer noopener\"> <\/a><a rel=\"noreferrer noopener\" href=\"https:\/\/www.olympiakomitea.fi\/olympiakomitea\/vastuullisuus\/\" target=\"_blank\">Peli &#8211; urheiluyhteis\u00f6n eettiset periaatteet<\/a><\/p>\n\n\n\n<p><a rel=\"noreferrer noopener\" href=\"https:\/\/www.olympiakomitea.fi\/keke-koutsi-vinkit-ymparistovastuulliseen-seuratoimintaan\/\" target=\"_blank\">KEKE-koutsi \u2013 vinkit ymp\u00e4rist\u00f6vastuulliseen seuratoimintaan<\/a><\/p>\n\n\n\n<p><a href=\"https:\/\/www.suek.fi\/web\/\/fi\" target=\"_blank\" rel=\"noreferrer noopener\">Suomen urheilun eettinen keskus SUEK ry<\/a><\/p>\n\n\n\n<p><a href=\"https:\/\/www.dropbox.com\/s\/gl6b6n560zc6qa1\/Suomen%20J%C3%A4%C3%A4kiekkoliitto%20antidopingohjelma.pdf?dl=0\" target=\"_blank\" rel=\"noreferrer noopener\">Suomen j\u00e4\u00e4kiekkoliiton antidopingohjelma<\/a><\/p>\n","protected":false},"excerpt":{"rendered":"<p>Linkkej\u00e4 muiden toimijoiden materiaaleihin ja toimintaohjeisiin Pelipassit Varusteopas Tukea harrastamisen kustannuksiin Kunnioita peli\u00e4 Et ole yksin Ensiapuvastaavan vastuut ottelutapahtumissa Aivot\u00e4r\u00e4hdysten tunnistusty\u00f6kalu Tietoa ja vinkkej\u00e4 hyv\u00e4\u00e4n sy\u00f6miseen Tietoa ja vinkkej\u00e4 liikkumiseen Tietoa ja vinkkej\u00e4&nbsp;arkirytmiin ja nukkumiseen Tietoa nikotiinituotteista ja apua lopettamiseen Reilu Peli &#8211; urheiluyhteis\u00f6n eettiset periaatteet KEKE-koutsi \u2013 vinkit ymp\u00e4rist\u00f6vastuulliseen seuratoimintaan Suomen urheilun eettinen keskus<\/p>\n","protected":false},"author":1,"featured_media":0,"parent":0,"menu_order":0,"comment_status":"closed","ping_status":"closed","template":"","meta":{"footnotes":""},"class_list":["post-6166","page","type-page","status-publish","hentry"],"_links":{"self":[{"href":"https:\/\/napapiirinpantterit.net\/index.php?rest_route=\/wp\/v2\/pages\/6166","targetHints":{"allow":["GET"]}}],"collection":[{"href":"https:\/\/napapiirinpantterit.net\/index.php?rest_route=\/wp\/v2\/pages"}],"about":[{"href":"https:\/\/napapiirinpantterit.net\/index.php?rest_route=\/wp\/v2\/types\/page"}],"author":[{"embeddable":true,"href":"https:\/\/napapiirinpantterit.net\/index.php?rest_route=\/wp\/v2\/users\/1"}],"replies":[{"embeddable":true,"href":"https:\/\/napapiirinpantterit.net\/index.php?rest_route=%2Fwp%2Fv2%2Fcomments&post=6166"}],"version-history":[{"count":11,"href":"https:\/\/napapiirinpantterit.net\/index.php?rest_route=\/wp\/v2\/pages\/6166\/revisions"}],"predecessor-version":[{"id":7038,"href":"https:\/\/napapiirinpantterit.net\/index.php?rest_route=\/wp\/v2\/pages\/6166\/revisions\/7038"}],"wp:attachment":[{"href":"https:\/\/napapiirinpantterit.net\/index.php?rest_route=%2Fwp%2Fv2%2Fmedia&parent=6166"}],"curies":[{"name":"wp","href":"https:\/\/api.w.org\/{rel}","templated":true}]}}