{"id":6256,"date":"2023-05-17T09:04:16","date_gmt":"2023-05-17T06:04:16","guid":{"rendered":"https:\/\/napapiirinpantterit.net\/?page_id=6256"},"modified":"2025-08-03T18:35:57","modified_gmt":"2025-08-03T15:35:57","slug":"u9-juniorit-3","status":"publish","type":"page","link":"https:\/\/napapiirinpantterit.net\/?page_id=6256","title":{"rendered":"U9-juniorit"},"content":{"rendered":"\n<p>Napapiirin Panttereiden U9-junnut ovat kaudella 2025-2026 p\u00e4\u00e4osin 2017 syntyneit\u00e4 pelaajan alkuja (sek\u00e4 tytt\u00f6j\u00e4 ett\u00e4 poikia).<\/p>\n\n\n\n<p>U9-joukkue osallistuu ik\u00e4luokkansa leijonaliigaan.<\/p>\n\n\n\n<p>Joukkueen omien harjoitusvuorojen lis\u00e4ksi Panttereiden pelaajilla on mahdollisuus osallistua koko perheen voimin seuran j\u00e4senille avoimille seuraj\u00e4ille.<\/p>\n\n\n\n<p>My\u00f6s uudet pelaajat ovat tervetulleita joukkueeseen \u2013 meill\u00e4 voit aloittaa harrastuksen my\u00f6s kesken kauden. Mik\u00e4li lastasi kiinnostaa kiekkoilu hyv\u00e4ss\u00e4 seurassa ota yhteytt\u00e4 tai laita viesti\u00e4 lis\u00e4tietoja varten.<\/p>\n\n\n\n<p>Joukkueen valmentajana kaudella 2025-26 toimii Timo Risto.<\/p>\n\n\n\n<p>Joukkue harjoittelee kahdesti viikossa 14.8.2025 alkaen.<\/p>\n\n\n\n<p>Torstaisin klo 17.15 Lappi Areenan Harjoitushalli 1<\/p>\n\n\n\n<p>Sunnuntaisin klo 17.30 Lappi Areenan Harjoitushalli 2<\/p>\n\n\n\n<p><\/p>\n\n\n\n<p>Uudet pelaajat voivat ilmoittautua mukaan t\u00e4st\u00e4 linkist\u00e4 ensimm\u00e4isiin harjoituksiin (jatkossa ilmoittautuminen aina myClubin kautta).<\/p>\n\n\n\n<p><a href=\"https:\/\/napapiirinpantterit.myclub.fi\/flow\/events\/9098227\" target=\"_blank\" rel=\"noreferrer noopener\">Harjoitukset to 14.8.2025 klo 17.15<\/a><\/p>\n\n\n\n<p><a href=\"https:\/\/napapiirinpantterit.myclub.fi\/flow\/events\/9098266\" target=\"_blank\" rel=\"noreferrer noopener\">Harjoitukset su 17.8.2025 klo 17.30<\/a><\/p>\n\n\n\n<p><a href=\"https:\/\/napapiirinpantterit.myclub.fi\/flow\/events\/9098228\" target=\"_blank\" rel=\"noreferrer noopener\">Harjoitukset to 21.8.2025 klo 17.15<\/a><\/p>\n\n\n\n<p><a href=\"https:\/\/napapiirinpantterit.myclub.fi\/flow\/events\/9098267\" target=\"_blank\" rel=\"noreferrer noopener\">Harjoitukset su 24.8.2025 klo 17.30<\/a><\/p>\n\n\n\n<p>Mukaan voi tulla my\u00f6s my\u00f6hemmin ottamalla yhteytt\u00e4 lis\u00e4tiedoissa n\u00e4kyviin yhteystietoihin. Meill\u00e4 saat kokeilla uutta harrastusta ilmaiseksi, ilman sitoutumista kahden viikon ajan.<\/p>\n\n\n\n<p>Lis\u00e4tiedot:&nbsp;<br><br>info[\u00e4t]napapiirinpantterit.net<\/p>\n","protected":false},"excerpt":{"rendered":"<p>Napapiirin Panttereiden U9-junnut ovat kaudella 2025-2026 p\u00e4\u00e4osin 2017 syntyneit\u00e4 pelaajan alkuja (sek\u00e4 tytt\u00f6j\u00e4 ett\u00e4 poikia). U9-joukkue osallistuu ik\u00e4luokkansa leijonaliigaan. Joukkueen omien harjoitusvuorojen lis\u00e4ksi Panttereiden pelaajilla on mahdollisuus osallistua koko perheen voimin seuran j\u00e4senille avoimille seuraj\u00e4ille. My\u00f6s uudet pelaajat ovat tervetulleita joukkueeseen \u2013 meill\u00e4 voit aloittaa harrastuksen my\u00f6s kesken kauden. Mik\u00e4li lastasi kiinnostaa kiekkoilu hyv\u00e4ss\u00e4 seurassa<\/p>\n","protected":false},"author":1,"featured_media":0,"parent":5,"menu_order":10,"comment_status":"closed","ping_status":"closed","template":"","meta":{"footnotes":""},"class_list":["post-6256","page","type-page","status-publish","hentry"],"_links":{"self":[{"href":"https:\/\/napapiirinpantterit.net\/index.php?rest_route=\/wp\/v2\/pages\/6256","targetHints":{"allow":["GET"]}}],"collection":[{"href":"https:\/\/napapiirinpantterit.net\/index.php?rest_route=\/wp\/v2\/pages"}],"about":[{"href":"https:\/\/napapiirinpantterit.net\/index.php?rest_route=\/wp\/v2\/types\/page"}],"author":[{"embeddable":true,"href":"https:\/\/napapiirinpantterit.net\/index.php?rest_route=\/wp\/v2\/users\/1"}],"replies":[{"embeddable":true,"href":"https:\/\/napapiirinpantterit.net\/index.php?rest_route=%2Fwp%2Fv2%2Fcomments&post=6256"}],"version-history":[{"count":14,"href":"https:\/\/napapiirinpantterit.net\/index.php?rest_route=\/wp\/v2\/pages\/6256\/revisions"}],"predecessor-version":[{"id":6976,"href":"https:\/\/napapiirinpantterit.net\/index.php?rest_route=\/wp\/v2\/pages\/6256\/revisions\/6976"}],"up":[{"embeddable":true,"href":"https:\/\/napapiirinpantterit.net\/index.php?rest_route=\/wp\/v2\/pages\/5"}],"wp:attachment":[{"href":"https:\/\/napapiirinpantterit.net\/index.php?rest_route=%2Fwp%2Fv2%2Fmedia&parent=6256"}],"curies":[{"name":"wp","href":"https:\/\/api.w.org\/{rel}","templated":true}]}}