{"id":6758,"date":"2024-08-05T21:08:26","date_gmt":"2024-08-05T18:08:26","guid":{"rendered":"https:\/\/napapiirinpantterit.net\/?page_id=6758"},"modified":"2025-08-05T19:14:15","modified_gmt":"2025-08-05T16:14:15","slug":"u11-juniorit","status":"publish","type":"page","link":"https:\/\/napapiirinpantterit.net\/?page_id=6758","title":{"rendered":"U12-juniorit"},"content":{"rendered":"\n<figure class=\"wp-block-image size-large\"><a href=\"https:\/\/napapiirinpantterit.net\/wp-content\/uploads\/2024\/12\/U11_jk-scaled.jpeg\"><img loading=\"lazy\" decoding=\"async\" width=\"1024\" height=\"683\" src=\"https:\/\/napapiirinpantterit.net\/wp-content\/uploads\/2024\/12\/U11_jk-1024x683.jpeg\" alt=\"\" class=\"wp-image-6869\" srcset=\"https:\/\/napapiirinpantterit.net\/wp-content\/uploads\/2024\/12\/U11_jk-1024x683.jpeg 1024w, https:\/\/napapiirinpantterit.net\/wp-content\/uploads\/2024\/12\/U11_jk-300x200.jpeg 300w, https:\/\/napapiirinpantterit.net\/wp-content\/uploads\/2024\/12\/U11_jk-768x512.jpeg 768w, https:\/\/napapiirinpantterit.net\/wp-content\/uploads\/2024\/12\/U11_jk-1536x1024.jpeg 1536w, https:\/\/napapiirinpantterit.net\/wp-content\/uploads\/2024\/12\/U11_jk-2048x1365.jpeg 2048w\" sizes=\"auto, (max-width: 1024px) 100vw, 1024px\" \/><\/a><\/figure>\n\n\n\n<p>Napapiirin Panttereiden U12-junnut ovat kaudella 2025-2026 p\u00e4\u00e4osin 2014 syntyneit\u00e4 (sek\u00e4 tytt\u00f6j\u00e4 ett\u00e4 poikia).<\/p>\n\n\n\n<p>Panttereiden U12 -joukkue harjoittelee maanantaisin, keskiviikkoisin sek\u00e4 perjantaisin ja pelaa J\u00e4\u00e4kiekkoliiton U12-sarjaa.<\/p>\n\n\n\n<p>Joukkueen omien harjoitusvuorojen lis\u00e4ksi Panttereiden pelaajilla on mahdollisuus osallistua seuran j\u00e4rjest\u00e4mille maksuttomille Taitoj\u00e4ille lauantaisin sek\u00e4 koko perheen voimin seuran j\u00e4senille avoimille seuraj\u00e4ille.<\/p>\n\n\n\n<div class=\"wp-block-group is-nowrap is-layout-flex wp-container-core-group-is-layout-6c531013 wp-block-group-is-layout-flex\">\n<p><strong>Joukkueen toimihenkil\u00f6t kaudella 2025-26:<\/strong><\/p>\n\n\n\n<div class=\"wp-block-group is-layout-constrained wp-block-group-is-layout-constrained\">\n<p style=\"text-decoration:none\">vastuuvalmentaja Miika Niva<\/p>\n\n\n\n<p style=\"text-decoration:none\">valmentajat Matti Koivisto, Hannu Alakunnas, Esa Ronkainen, Roope Ronkainen<\/p>\n\n\n\n<p style=\"text-decoration:none\">joukkueenjohtaja Heidi Koivisto<\/p>\n\n\n\n<p>huoltaja Risto Aaltonen<\/p>\n\n\n\n<p>rahastonhoitaja Heidi Koivisto<\/p>\n<\/div>\n<\/div>\n\n\n\n<p>My\u00f6s uudet pelaajat ovat tervetulleita &#8211; meill\u00e4 voit aloittaa harrastuksen my\u00f6s kesken kauden. Mik\u00e4li lastasi kiinnostaa kiekkoilu hyv\u00e4ss\u00e4 seurassa ota yhteytt\u00e4 tai laita viesti\u00e4 lis\u00e4tietoja varten.<\/p>\n\n\n\n<p>Yhteyshenkil\u00f6:<br>Heidi Koivisto 040 686 5939<br>info(\u00e4t)napapiirinpantterit.net<\/p>\n\n\n\n<p><\/p>\n","protected":false},"excerpt":{"rendered":"<p>Napapiirin Panttereiden U12-junnut ovat kaudella 2025-2026 p\u00e4\u00e4osin 2014 syntyneit\u00e4 (sek\u00e4 tytt\u00f6j\u00e4 ett\u00e4 poikia). Panttereiden U12 -joukkue harjoittelee maanantaisin, keskiviikkoisin sek\u00e4 perjantaisin ja pelaa J\u00e4\u00e4kiekkoliiton U12-sarjaa. Joukkueen omien harjoitusvuorojen lis\u00e4ksi Panttereiden pelaajilla on mahdollisuus osallistua seuran j\u00e4rjest\u00e4mille maksuttomille Taitoj\u00e4ille lauantaisin sek\u00e4 koko perheen voimin seuran j\u00e4senille avoimille seuraj\u00e4ille. Joukkueen toimihenkil\u00f6t kaudella 2025-26: vastuuvalmentaja Miika Niva valmentajat<\/p>\n","protected":false},"author":1,"featured_media":0,"parent":5,"menu_order":8,"comment_status":"closed","ping_status":"closed","template":"","meta":{"footnotes":""},"class_list":["post-6758","page","type-page","status-publish","hentry"],"_links":{"self":[{"href":"https:\/\/napapiirinpantterit.net\/index.php?rest_route=\/wp\/v2\/pages\/6758","targetHints":{"allow":["GET"]}}],"collection":[{"href":"https:\/\/napapiirinpantterit.net\/index.php?rest_route=\/wp\/v2\/pages"}],"about":[{"href":"https:\/\/napapiirinpantterit.net\/index.php?rest_route=\/wp\/v2\/types\/page"}],"author":[{"embeddable":true,"href":"https:\/\/napapiirinpantterit.net\/index.php?rest_route=\/wp\/v2\/users\/1"}],"replies":[{"embeddable":true,"href":"https:\/\/napapiirinpantterit.net\/index.php?rest_route=%2Fwp%2Fv2%2Fcomments&post=6758"}],"version-history":[{"count":9,"href":"https:\/\/napapiirinpantterit.net\/index.php?rest_route=\/wp\/v2\/pages\/6758\/revisions"}],"predecessor-version":[{"id":6981,"href":"https:\/\/napapiirinpantterit.net\/index.php?rest_route=\/wp\/v2\/pages\/6758\/revisions\/6981"}],"up":[{"embeddable":true,"href":"https:\/\/napapiirinpantterit.net\/index.php?rest_route=\/wp\/v2\/pages\/5"}],"wp:attachment":[{"href":"https:\/\/napapiirinpantterit.net\/index.php?rest_route=%2Fwp%2Fv2%2Fmedia&parent=6758"}],"curies":[{"name":"wp","href":"https:\/\/api.w.org\/{rel}","templated":true}]}}