{"id":6973,"date":"2025-08-03T18:35:40","date_gmt":"2025-08-03T15:35:40","guid":{"rendered":"https:\/\/napapiirinpantterit.net\/?page_id=6973"},"modified":"2025-10-29T20:16:39","modified_gmt":"2025-10-29T18:16:39","slug":"u10-juniorit","status":"publish","type":"page","link":"https:\/\/napapiirinpantterit.net\/?page_id=6973","title":{"rendered":"U10-juniorit"},"content":{"rendered":"\n<figure class=\"wp-block-image size-large\"><a href=\"https:\/\/napapiirinpantterit.net\/wp-content\/uploads\/2024\/12\/U9_jk-scaled.jpeg\"><img loading=\"lazy\" decoding=\"async\" width=\"1024\" height=\"683\" src=\"https:\/\/napapiirinpantterit.net\/wp-content\/uploads\/2024\/12\/U9_jk-1024x683.jpeg\" alt=\"\" class=\"wp-image-6873\" srcset=\"https:\/\/napapiirinpantterit.net\/wp-content\/uploads\/2024\/12\/U9_jk-1024x683.jpeg 1024w, https:\/\/napapiirinpantterit.net\/wp-content\/uploads\/2024\/12\/U9_jk-300x200.jpeg 300w, https:\/\/napapiirinpantterit.net\/wp-content\/uploads\/2024\/12\/U9_jk-768x512.jpeg 768w, https:\/\/napapiirinpantterit.net\/wp-content\/uploads\/2024\/12\/U9_jk-1536x1024.jpeg 1536w, https:\/\/napapiirinpantterit.net\/wp-content\/uploads\/2024\/12\/U9_jk-2048x1365.jpeg 2048w\" sizes=\"auto, (max-width: 1024px) 100vw, 1024px\" \/><\/a><\/figure>\n\n\n\n<p>Napapiirin Panttereiden U10-junnut ovat kaudella 2025-2026 p\u00e4\u00e4osin 2016 syntyneit\u00e4 pelaajan alkuja (sek\u00e4 tytt\u00f6j\u00e4 ett\u00e4 poikia).<\/p>\n\n\n\n<p>U10-joukkue osallistuu ik\u00e4luokkansa leijonaliigaan.<\/p>\n\n\n\n<p>Joukkueen omien harjoitusvuorojen lis\u00e4ksi Panttereiden pelaajilla on mahdollisuus osallistua koko perheen voimin seuran j\u00e4senille avoimille seuraj\u00e4ille.<\/p>\n\n\n\n<p>My\u00f6s uudet pelaajat ovat tervetulleita joukkueeseen \u2013 meill\u00e4 voit aloittaa harrastuksen my\u00f6s kesken kauden. Mik\u00e4li lastasi kiinnostaa kiekkoilu hyv\u00e4ss\u00e4 seurassa ota yhteytt\u00e4 tai laita viesti\u00e4 lis\u00e4tietoja varten.<\/p>\n\n\n\n<p>Joukkueen valmentajana kaudella 2025-26 toimii Petteri Poikaj\u00e4rvi ja joukkueenjohtajana Svea Vaarala.<\/p>\n\n\n\n<p>Joukkue harjoittelee kahdesti viikossa 14.8.2025 alkaen.<\/p>\n\n\n\n<p>Torstaisin klo 18.15 Lappi Areenan Harjoitushalli 1<\/p>\n\n\n\n<p>Sunnuntaisin klo 12.30 Lappi Areenan Harjoitushalli 2<\/p>\n\n\n\n<p><\/p>\n\n\n\n<p>Yhteyshenkil\u00f6:<\/p>\n\n\n\n<p>Svea Vaarala, p. 040-739 62 07<\/p>\n\n\n\n<p>napapiirinpantterit16[\u00e4t]gmail.com<\/p>\n","protected":false},"excerpt":{"rendered":"<p>Napapiirin Panttereiden U10-junnut ovat kaudella 2025-2026 p\u00e4\u00e4osin 2016 syntyneit\u00e4 pelaajan alkuja (sek\u00e4 tytt\u00f6j\u00e4 ett\u00e4 poikia). U10-joukkue osallistuu ik\u00e4luokkansa leijonaliigaan. Joukkueen omien harjoitusvuorojen lis\u00e4ksi Panttereiden pelaajilla on mahdollisuus osallistua koko perheen voimin seuran j\u00e4senille avoimille seuraj\u00e4ille. My\u00f6s uudet pelaajat ovat tervetulleita joukkueeseen \u2013 meill\u00e4 voit aloittaa harrastuksen my\u00f6s kesken kauden. Mik\u00e4li lastasi kiinnostaa kiekkoilu hyv\u00e4ss\u00e4 seurassa<\/p>\n","protected":false},"author":1,"featured_media":0,"parent":5,"menu_order":10,"comment_status":"closed","ping_status":"closed","template":"","meta":{"footnotes":""},"class_list":["post-6973","page","type-page","status-publish","hentry"],"_links":{"self":[{"href":"https:\/\/napapiirinpantterit.net\/index.php?rest_route=\/wp\/v2\/pages\/6973","targetHints":{"allow":["GET"]}}],"collection":[{"href":"https:\/\/napapiirinpantterit.net\/index.php?rest_route=\/wp\/v2\/pages"}],"about":[{"href":"https:\/\/napapiirinpantterit.net\/index.php?rest_route=\/wp\/v2\/types\/page"}],"author":[{"embeddable":true,"href":"https:\/\/napapiirinpantterit.net\/index.php?rest_route=\/wp\/v2\/users\/1"}],"replies":[{"embeddable":true,"href":"https:\/\/napapiirinpantterit.net\/index.php?rest_route=%2Fwp%2Fv2%2Fcomments&post=6973"}],"version-history":[{"count":2,"href":"https:\/\/napapiirinpantterit.net\/index.php?rest_route=\/wp\/v2\/pages\/6973\/revisions"}],"predecessor-version":[{"id":6991,"href":"https:\/\/napapiirinpantterit.net\/index.php?rest_route=\/wp\/v2\/pages\/6973\/revisions\/6991"}],"up":[{"embeddable":true,"href":"https:\/\/napapiirinpantterit.net\/index.php?rest_route=\/wp\/v2\/pages\/5"}],"wp:attachment":[{"href":"https:\/\/napapiirinpantterit.net\/index.php?rest_route=%2Fwp%2Fv2%2Fmedia&parent=6973"}],"curies":[{"name":"wp","href":"https:\/\/api.w.org\/{rel}","templated":true}]}}