{"id":74,"date":"2009-11-23T21:48:43","date_gmt":"2009-11-23T19:48:43","guid":{"rendered":"http:\/\/www.napapiirinpantterit.net\/?page_id=74"},"modified":"2024-05-30T14:20:28","modified_gmt":"2024-05-30T11:20:28","slug":"tervetuloa-napapiirin-panttereiden-kotisivuille","status":"publish","type":"page","link":"https:\/\/napapiirinpantterit.net\/?page_id=74","title":{"rendered":"Napapiirin Pantterit"},"content":{"rendered":"<p><span style=\"color: #c0c0c0;\"><strong><a href=\"https:\/\/napapiirinpantterit.net\/?attachment_id=241\" rel=\"attachment wp-att-241\"><img loading=\"lazy\" decoding=\"async\" width=\"1000\" height=\"738\" class=\"alignnone size-full wp-image-241\" title=\"Napapiirin Pantterit logo 2009 v2\" src=\"https:\/\/napapiirinpantterit.net\/wp-content\/uploads\/logo_am_2009_v2.jpg\" alt=\"\" \/><\/a><br \/>\n<\/strong><\/span><\/p>\n<p>Vuonna 2000 perustettu Napapiirin Pantterit on Rovaniemel\u00e4inen j\u00e4\u00e4urheiluseura.<\/p>\n<p>Syksyll\u00e4 1999 Kaukalopalloliiton toiminnanjohtaja Paavo Saarinen antoi liiton nuoriso- ja koulutusp\u00e4\u00e4llikk\u00f6 Juha Ylinivalle teht\u00e4v\u00e4ksi suunnitella kaukalopallon junioriseuran. T\u00e4m\u00e4n toimeksiannon seurauksena Napapiirin Pantterit sai alkunsa syksyll\u00e4 2000 Kaukalopalloliiton toimistossa Aallonkadulla. Seuran perustajaj\u00e4senet olivat Petri Pahtakari, Kosti Kostamo ja Pasi Junna sek\u00e4 sihteerin\u00e4 Juha Yliniva.<\/p>\n<p>Pantterit pelaavat j\u00e4\u00e4kiekkoliiton sarjoissa U9-U15 -junioreissa sek\u00e4 aikuisten harrastesarjoissa. Lis\u00e4ksi toimintaamme kuuluvat Panttereiden Leijona-kiekkokoulu, U8-juniorit, aikuisten H\u00f6nts\u00e4kiekko, nuorten harrastej\u00e4\u00e4t sek\u00e4 kaikille j\u00e4senille avoimet seuraj\u00e4\u00e4t.<\/p>\n<p>Tervetuloa mukaan vauhdikkaaseen Pantteriperheeseen!<\/p>\n","protected":false},"excerpt":{"rendered":"<p>Vuonna 2000 perustettu Napapiirin Pantterit on Rovaniemel\u00e4inen j\u00e4\u00e4urheiluseura. Syksyll\u00e4 1999 Kaukalopalloliiton toiminnanjohtaja Paavo Saarinen antoi liiton nuoriso- ja koulutusp\u00e4\u00e4llikk\u00f6 Juha Ylinivalle teht\u00e4v\u00e4ksi suunnitella kaukalopallon junioriseuran. T\u00e4m\u00e4n toimeksiannon seurauksena Napapiirin Pantterit sai alkunsa syksyll\u00e4 2000 Kaukalopalloliiton toimistossa Aallonkadulla. Seuran perustajaj\u00e4senet olivat Petri Pahtakari, Kosti Kostamo ja Pasi Junna sek\u00e4 sihteerin\u00e4 Juha Yliniva. Pantterit pelaavat j\u00e4\u00e4kiekkoliiton sarjoissa<\/p>\n","protected":false},"author":1,"featured_media":0,"parent":0,"menu_order":5,"comment_status":"closed","ping_status":"closed","template":"","meta":{"footnotes":""},"class_list":["post-74","page","type-page","status-publish","hentry"],"_links":{"self":[{"href":"https:\/\/napapiirinpantterit.net\/index.php?rest_route=\/wp\/v2\/pages\/74","targetHints":{"allow":["GET"]}}],"collection":[{"href":"https:\/\/napapiirinpantterit.net\/index.php?rest_route=\/wp\/v2\/pages"}],"about":[{"href":"https:\/\/napapiirinpantterit.net\/index.php?rest_route=\/wp\/v2\/types\/page"}],"author":[{"embeddable":true,"href":"https:\/\/napapiirinpantterit.net\/index.php?rest_route=\/wp\/v2\/users\/1"}],"replies":[{"embeddable":true,"href":"https:\/\/napapiirinpantterit.net\/index.php?rest_route=%2Fwp%2Fv2%2Fcomments&post=74"}],"version-history":[{"count":6,"href":"https:\/\/napapiirinpantterit.net\/index.php?rest_route=\/wp\/v2\/pages\/74\/revisions"}],"predecessor-version":[{"id":6731,"href":"https:\/\/napapiirinpantterit.net\/index.php?rest_route=\/wp\/v2\/pages\/74\/revisions\/6731"}],"wp:attachment":[{"href":"https:\/\/napapiirinpantterit.net\/index.php?rest_route=%2Fwp%2Fv2%2Fmedia&parent=74"}],"curies":[{"name":"wp","href":"https:\/\/api.w.org\/{rel}","templated":true}]}}