{"id":97,"date":"2009-11-23T22:10:47","date_gmt":"2009-11-23T20:10:47","guid":{"rendered":"http:\/\/www.napapiirinpantterit.net\/?page_id=97"},"modified":"2025-12-04T17:02:29","modified_gmt":"2025-12-04T15:02:29","slug":"palaute","status":"publish","type":"page","link":"https:\/\/napapiirinpantterit.net\/?page_id=97","title":{"rendered":"Ilmoittautuminen"},"content":{"rendered":"\n<p>Ilmoittautuminen kiekkokouluun ja luistelukouluun:&nbsp;<a href=\"https:\/\/napapiirinpantterit.net\/?page_id=2300\" target=\"_blank\" rel=\"noopener\">Kiekkokoulu\/ Luistelukoulu<\/a><\/p>\n\n\n\n<p><\/p>\n\n\n\n<p>Mik\u00e4li olet kiinnostunut liittym\u00e4\u00e4n Panttereiden muihin j\u00e4\u00e4kiekkojoukkueisiin l\u00f6yd\u00e4t joukkueiden yhteystiedot kunkin joukkueen omalta sivulta.<\/p>\n","protected":false},"excerpt":{"rendered":"<p>Ilmoittautuminen kiekkokouluun ja luistelukouluun:&nbsp;Kiekkokoulu\/ Luistelukoulu Mik\u00e4li olet kiinnostunut liittym\u00e4\u00e4n Panttereiden muihin j\u00e4\u00e4kiekkojoukkueisiin l\u00f6yd\u00e4t joukkueiden yhteystiedot kunkin joukkueen omalta sivulta.<\/p>\n","protected":false},"author":1,"featured_media":0,"parent":0,"menu_order":1,"comment_status":"closed","ping_status":"closed","template":"","meta":{"footnotes":""},"class_list":["post-97","page","type-page","status-publish","hentry"],"_links":{"self":[{"href":"https:\/\/napapiirinpantterit.net\/index.php?rest_route=\/wp\/v2\/pages\/97","targetHints":{"allow":["GET"]}}],"collection":[{"href":"https:\/\/napapiirinpantterit.net\/index.php?rest_route=\/wp\/v2\/pages"}],"about":[{"href":"https:\/\/napapiirinpantterit.net\/index.php?rest_route=\/wp\/v2\/types\/page"}],"author":[{"embeddable":true,"href":"https:\/\/napapiirinpantterit.net\/index.php?rest_route=\/wp\/v2\/users\/1"}],"replies":[{"embeddable":true,"href":"https:\/\/napapiirinpantterit.net\/index.php?rest_route=%2Fwp%2Fv2%2Fcomments&post=97"}],"version-history":[{"count":8,"href":"https:\/\/napapiirinpantterit.net\/index.php?rest_route=\/wp\/v2\/pages\/97\/revisions"}],"predecessor-version":[{"id":6997,"href":"https:\/\/napapiirinpantterit.net\/index.php?rest_route=\/wp\/v2\/pages\/97\/revisions\/6997"}],"wp:attachment":[{"href":"https:\/\/napapiirinpantterit.net\/index.php?rest_route=%2Fwp%2Fv2%2Fmedia&parent=97"}],"curies":[{"name":"wp","href":"https:\/\/api.w.org\/{rel}","templated":true}]}}